{"id":2,"date":"2008-09-25T10:52:08","date_gmt":"2008-09-25T13:52:08","guid":{"rendered":"http:\/\/www.planesdeautos.com.ar\/blog\/?page_id=2"},"modified":"2008-09-25T12:30:22","modified_gmt":"2008-09-25T15:30:22","slug":"por-que-un-blog-de-planes","status":"publish","type":"page","link":"https:\/\/www.planesdeautos.com.ar\/blog\/por-que-un-blog-de-planes\/","title":{"rendered":"\u00bfPor qu\u00e9 un blog de Planes?"},"content":{"rendered":"<p>En Planesdeautos cremos que innovar es bueno, entonces decidimos crear un espacion que permita a los visitantes como a los clientes, concer sobre las novedades en veh\u00edculo y productos del rubro. Intentaremos entonces, publicar nuestro m\u00e1s objetivo punto de vista sobre los productos que analicemos e intentaremos traeerles las novedades m\u00e1s frescas para estar actualizados.<\/p>\n<p>Estamos abiertos a cr\u00edticas, comentarios para mejoras y tambi\u00e9n, por que no, para agradecimientos.<\/p>\n<p>los invitamos a que visiten el sitio www.planesdeautos.com.ar y que conozcan todos los productos que ofrecen los concesionarios y agentes oficiales de planes de ahorro.<\/p>\n<p>Staff Planesdeautos<\/p>\n<div class='sfsi_Sicons' style='width: 100%; display: inline-block; vertical-align: middle; text-align:left'><div style='margin:0px 8px 0px 0px; line-height: 24px'><span>Seguinos en:<\/span><\/div><div class='sfsi_socialwpr'><div class='sf_fb' style='text-align:left;vertical-align: middle;width:98px'><div class=\"fb-like\" data-href=\"https:\/\/www.planesdeautos.com.ar\/blog\/por-que-un-blog-de-planes\/\" data-width=\"180\" data-send=\"false\" data-show-faces=\"false\"  data-action=\"like\" data-share=\"true\"data-layout=\"button\" ><\/div><\/div><div class='sf_twiter' style='text-align:left;float:left;vertical-align: middle;width:auto'><a href=\"http:\/\/twitter.com\/share\" data-count=\"none\" class=\"sr-twitter-button twitter-share-button\" lang=\"en\" data-url=\"https:\/\/www.planesdeautos.com.ar\/blog\/por-que-un-blog-de-planes\/\" data-text=\"\u00bfPor qu\u00e9 un blog de Planes?\" ><\/a><\/div><\/div><\/div><a class=\"addthis_button\" href=\"http:\/\/addthis.com\/bookmark.php?v=250\"><img src=\"http:\/\/s7.addthis.com\/static\/btn\/v2\/lg-share-en.gif\" width=\"125\" height=\"16\" alt=\"Bookmark and Share\" style=\"border:0\"\/><\/a><script type=\"text\/javascript\" src=\"http:\/\/s7.addthis.com\/js\/250\/addthis_widget.js\"><\/script>","protected":false},"excerpt":{"rendered":"<p>En Planesdeautos cremos que innovar es bueno, entonces decidimos crear un espacion que permita a los visitantes como a los clientes, concer sobre las novedades en veh\u00edculo y productos del rubro. Intentaremos entonces, publicar nuestro m\u00e1s objetivo punto de vista sobre los productos que analicemos e intentaremos traeerles las novedades m\u00e1s frescas para estar actualizados. &hellip; <\/p>\n<p class=\"link-more\"><a href=\"https:\/\/www.planesdeautos.com.ar\/blog\/por-que-un-blog-de-planes\/\" class=\"more-link\">Continuar leyendo<span class=\"screen-reader-text\"> \u00ab\u00bfPor qu\u00e9 un blog de Planes?\u00bb<\/span><\/a><\/p>\n","protected":false},"author":1,"featured_media":0,"parent":0,"menu_order":0,"comment_status":"open","ping_status":"open","template":"","meta":[],"wppr_data":[],"_links":{"self":[{"href":"https:\/\/www.planesdeautos.com.ar\/blog\/wp-json\/wp\/v2\/pages\/2"}],"collection":[{"href":"https:\/\/www.planesdeautos.com.ar\/blog\/wp-json\/wp\/v2\/pages"}],"about":[{"href":"https:\/\/www.planesdeautos.com.ar\/blog\/wp-json\/wp\/v2\/types\/page"}],"author":[{"embeddable":true,"href":"https:\/\/www.planesdeautos.com.ar\/blog\/wp-json\/wp\/v2\/users\/1"}],"replies":[{"embeddable":true,"href":"https:\/\/www.planesdeautos.com.ar\/blog\/wp-json\/wp\/v2\/comments?post=2"}],"version-history":[{"count":2,"href":"https:\/\/www.planesdeautos.com.ar\/blog\/wp-json\/wp\/v2\/pages\/2\/revisions"}],"predecessor-version":[{"id":10,"href":"https:\/\/www.planesdeautos.com.ar\/blog\/wp-json\/wp\/v2\/pages\/2\/revisions\/10"}],"wp:attachment":[{"href":"https:\/\/www.planesdeautos.com.ar\/blog\/wp-json\/wp\/v2\/media?parent=2"}],"curies":[{"name":"wp","href":"https:\/\/api.w.org\/{rel}","templated":true}]}}